{"id":2,"date":"2024-12-28T21:32:52","date_gmt":"2024-12-28T20:32:52","guid":{"rendered":"https:\/\/diatoms.sebi-it.ch\/?page_id=2"},"modified":"2024-12-30T11:51:07","modified_gmt":"2024-12-30T10:51:07","slug":"beispiel-seite","status":"publish","type":"page","link":"https:\/\/diatoms.sebi-it.ch\/index.php\/beispiel-seite\/","title":{"rendered":"Beispiel-Seite"},"content":{"rendered":"\n<p>Hier k\u00f6nnte das Ziel der Webseite kurz formuliert werden: Zeigen von Kieselalgenarten, wie ich sie interpretiere.<\/p>\n\n\n\n<blockquote class=\"wp-block-quote is-layout-flow wp-block-quote-is-layout-flow\">\n<p>Hier geht es zur \u00dcbersicht der Gattungen, die bereits Bilder hinterlegt haben<\/p>\n<\/blockquote>\n\n\n\n<p>&#8230;&nbsp;oder so etwas wie:<\/p>\n\n\n\n<blockquote class=\"wp-block-quote is-layout-flow wp-block-quote-is-layout-flow\">\n<p>Und hier geht es zu einer kleinen \u00dcbersicht \u00fcber Kieselalgen: was sind Kieselalgen und wie werden sie in der Schweiz als Bioindikatoren eingesetzt<\/p>\n<\/blockquote>\n\n\n\n<p>Als neuer WordPress-Benutzer solltest du <a href=\"https:\/\/diatoms.sebi-it.ch\/wp-admin\/\">dein Dashboard<\/a> aufrufen, um diese Seite zu l\u00f6schen und neue Seiten und Beitr\u00e4ge f\u00fcr deine Website erstellen. Viel Spass!<\/p>\n","protected":false},"excerpt":{"rendered":"<p>Hier k\u00f6nnte das Ziel der Webseite kurz formuliert werden: Zeigen von Kieselalgenarten, wie ich sie interpretiere. Hier geht es zur \u00dcbersicht der Gattungen, die bereits Bilder hinterlegt haben &#8230;&nbsp;oder so etwas wie: Und hier geht es zu einer kleinen \u00dcbersicht \u00fcber Kieselalgen: was sind Kieselalgen und wie werden sie in der Schweiz als Bioindikatoren eingesetzt [&hellip;]<\/p>\n","protected":false},"author":1,"featured_media":0,"parent":0,"menu_order":0,"comment_status":"closed","ping_status":"open","template":"","meta":{"footnotes":""},"class_list":["post-2","page","type-page","status-publish","hentry"],"_links":{"self":[{"href":"https:\/\/diatoms.sebi-it.ch\/index.php\/wp-json\/wp\/v2\/pages\/2","targetHints":{"allow":["GET"]}}],"collection":[{"href":"https:\/\/diatoms.sebi-it.ch\/index.php\/wp-json\/wp\/v2\/pages"}],"about":[{"href":"https:\/\/diatoms.sebi-it.ch\/index.php\/wp-json\/wp\/v2\/types\/page"}],"author":[{"embeddable":true,"href":"https:\/\/diatoms.sebi-it.ch\/index.php\/wp-json\/wp\/v2\/users\/1"}],"replies":[{"embeddable":true,"href":"https:\/\/diatoms.sebi-it.ch\/index.php\/wp-json\/wp\/v2\/comments?post=2"}],"version-history":[{"count":2,"href":"https:\/\/diatoms.sebi-it.ch\/index.php\/wp-json\/wp\/v2\/pages\/2\/revisions"}],"predecessor-version":[{"id":9,"href":"https:\/\/diatoms.sebi-it.ch\/index.php\/wp-json\/wp\/v2\/pages\/2\/revisions\/9"}],"wp:attachment":[{"href":"https:\/\/diatoms.sebi-it.ch\/index.php\/wp-json\/wp\/v2\/media?parent=2"}],"curies":[{"name":"wp","href":"https:\/\/api.w.org\/{rel}","templated":true}]}}